{"id":739,"date":"2026-04-21T06:28:13","date_gmt":"2026-04-21T04:28:13","guid":{"rendered":"https:\/\/www.autorenteam.com\/abc\/?page_id=739"},"modified":"2026-04-30T05:06:18","modified_gmt":"2026-04-30T03:06:18","slug":"ueber-uns-%e2%87%90%e2%87%90%e2%87%90","status":"publish","type":"page","link":"https:\/\/www.autorenteam.com\/abc\/ueber-uns-%e2%87%90%e2%87%90%e2%87%90\/","title":{"rendered":"\u00dcber uns \u00ab \u00ab \u00ab"},"content":{"rendered":"<p><img loading=\"lazy\" decoding=\"async\" class=\"aligncenter size-full wp-image-741\" src=\"https:\/\/www.autorenteam.com\/abc\/wp-content\/uploads\/2026\/04\/ueber_uns.png\" alt=\"\" width=\"800\" height=\"831\" srcset=\"https:\/\/www.autorenteam.com\/abc\/wp-content\/uploads\/2026\/04\/ueber_uns.png 800w, https:\/\/www.autorenteam.com\/abc\/wp-content\/uploads\/2026\/04\/ueber_uns-768x798.png 768w\" sizes=\"auto, (max-width: 800px) 100vw, 800px\" \/><span style=\"font-family: Verdana, sans-serif;\"><span style=\"font-size: large;\"><span style=\"font-size: 24px;\">Volker Niehrs<\/span> ist ein in Berlin ans\u00e4ssiger Unternehmer, <strong>Premium-Ghostwriter<\/strong> und <strong>Honorar-Dozent<\/strong>. Er ist gesch\u00e4ftsf\u00fchrender Gesellschafter der <strong>Volker Niehrs GbR<\/strong>, die unter der Marke <span style=\"color: #339966;\">Autorenteam Berlin<\/span> operiert.\u00a0<\/span><\/span><\/p>\n<p><span style=\"font-family: Verdana, sans-serif;\"><span style=\"font-size: large;\">Beruflicher Hintergrund<\/span><\/span><\/p>\n<ul>\n<li><strong><span style=\"font-family: Verdana, sans-serif;\"><span style=\"font-size: large;\">Schwerpunkt Ghostwriting:<\/span><\/span><\/strong><span style=\"font-family: Verdana, sans-serif;\"><span style=\"font-size: large;\"> Niehrs leitet ein Team von Autoren, das sich auf das Verfassen von wissenschaftlichen Texten, Biografien und Fachpublikationen spezialisiert hat.<\/span><\/span><\/li>\n<li><strong><span style=\"font-family: Verdana, sans-serif;\"><span style=\"font-size: large;\">Redaktionelle T\u00e4tigkeit:<\/span><\/span><\/strong><span style=\"font-family: Verdana, sans-serif;\"><span style=\"font-size: large;\"> Er wird zudem als Redakteur f\u00fcr das <\/span><\/span><em><span style=\"font-family: Verdana, sans-serif;\"><span style=\"font-size: large;\">Westminster Publishing House London<\/span><\/span><\/em><span style=\"font-family: Verdana, sans-serif;\"><span style=\"font-size: large;\"> gef\u00fchrt.<\/span><\/span><\/li>\n<li><strong><span style=\"font-family: Verdana, sans-serif;\"><span style=\"font-size: large;\">Akademisches Engagement:<\/span><\/span><\/strong><span style=\"font-family: Verdana, sans-serif;\"><span style=\"font-size: large;\"> In seiner Rolle als Honorar-Dozent bringt er seine Expertise in den Bereichen Textgestaltung und wissenschaftliches Arbeiten ein.\u00a0<\/span><\/span><\/li>\n<\/ul>\n<p><span style=\"font-family: Verdana, sans-serif;\"><span style=\"font-size: large;\">Firmenstandort &amp; Kontakt<\/span><\/span><\/p>\n<ul>\n<li><strong><span style=\"font-family: Verdana, sans-serif;\"><span style=\"font-size: large;\">B\u00fcro:<\/span><\/span><\/strong><span style=\"font-family: Verdana, sans-serif;\"><span style=\"font-size: large;\"> Ostender Str. 27 B, 13353 Berlin-Mitte.<\/span><\/span><\/li>\n<li><strong><span style=\"font-family: Verdana, sans-serif;\"><span style=\"font-size: large;\">Markenname:<\/span><\/span><\/strong><span style=\"font-family: Verdana, sans-serif;\"><span style=\"font-size: large;\"> Autorenteam Berlin.\u00a0<\/span><\/span><\/li>\n<\/ul>\n","protected":false},"excerpt":{"rendered":"<p>Volker Niehrs ist ein in Berlin ans\u00e4ssiger Unternehmer, Premium-Ghostwriter und Honorar-Dozent. Er ist gesch\u00e4ftsf\u00fchrender Gesellschafter der Volker Niehrs GbR, die<\/p>\n","protected":false},"author":1,"featured_media":0,"parent":0,"menu_order":0,"comment_status":"closed","ping_status":"closed","template":"","meta":{"footnotes":""},"class_list":["post-739","page","type-page","status-publish","hentry"],"_links":{"self":[{"href":"https:\/\/www.autorenteam.com\/abc\/wp-json\/wp\/v2\/pages\/739","targetHints":{"allow":["GET"]}}],"collection":[{"href":"https:\/\/www.autorenteam.com\/abc\/wp-json\/wp\/v2\/pages"}],"about":[{"href":"https:\/\/www.autorenteam.com\/abc\/wp-json\/wp\/v2\/types\/page"}],"author":[{"embeddable":true,"href":"https:\/\/www.autorenteam.com\/abc\/wp-json\/wp\/v2\/users\/1"}],"replies":[{"embeddable":true,"href":"https:\/\/www.autorenteam.com\/abc\/wp-json\/wp\/v2\/comments?post=739"}],"version-history":[{"count":13,"href":"https:\/\/www.autorenteam.com\/abc\/wp-json\/wp\/v2\/pages\/739\/revisions"}],"predecessor-version":[{"id":784,"href":"https:\/\/www.autorenteam.com\/abc\/wp-json\/wp\/v2\/pages\/739\/revisions\/784"}],"wp:attachment":[{"href":"https:\/\/www.autorenteam.com\/abc\/wp-json\/wp\/v2\/media?parent=739"}],"curies":[{"name":"wp","href":"https:\/\/api.w.org\/{rel}","templated":true}]}}