{"id":62,"date":"2025-01-18T09:18:22","date_gmt":"2025-01-18T08:18:22","guid":{"rendered":"https:\/\/www.autorenteam.com\/abc\/?page_id=62"},"modified":"2025-08-15T16:35:41","modified_gmt":"2025-08-15T14:35:41","slug":"honorar-dozent","status":"publish","type":"page","link":"https:\/\/www.autorenteam.com\/abc\/honorar-dozent\/","title":{"rendered":"\u2192 Drehbuchautor(in) werden"},"content":{"rendered":"<p style=\"text-align: center;\"><img loading=\"lazy\" decoding=\"async\" class=\"aligncenter size-full wp-image-64\" src=\"https:\/\/www.autorenteam.com\/abc\/wp-content\/uploads\/2025\/01\/honorar-dozent.jpg\" alt=\"\" width=\"800\" height=\"686\" srcset=\"https:\/\/www.autorenteam.com\/abc\/wp-content\/uploads\/2025\/01\/honorar-dozent.jpg 800w, https:\/\/www.autorenteam.com\/abc\/wp-content\/uploads\/2025\/01\/honorar-dozent-768x659.jpg 768w\" sizes=\"auto, (max-width: 800px) 100vw, 800px\" \/><span style=\"font-family: trebuchet ms, geneva, sans-serif; font-size: 32px;\"><img loading=\"lazy\" decoding=\"async\" class=\"aligncenter size-full wp-image-244\" src=\"https:\/\/www.autorenteam.com\/abc\/wp-content\/uploads\/2025\/04\/studium.jpg\" alt=\"\" width=\"800\" height=\"225\" srcset=\"https:\/\/www.autorenteam.com\/abc\/wp-content\/uploads\/2025\/04\/studium.jpg 800w, https:\/\/www.autorenteam.com\/abc\/wp-content\/uploads\/2025\/04\/studium-768x216.jpg 768w\" sizes=\"auto, (max-width: 800px) 100vw, 800px\" \/><span style=\"font-size: 48px;\">Beginn jederzeit m\u00f6glich<\/span><br \/>\n<span style=\"font-size: 48px;\">Dauer: 12 Monate<\/span><br \/>\n<span style=\"font-size: 48px;\">Schritt f\u00fcr Schritt zum Erfolg<\/span><br \/>\n<span style=\"font-size: 48px;\">Lektorat f\u00fcr Manuskripte<br \/>\n<a href=\"https:\/\/www.autorenteam.com\/abc\/kontakt\/\"><img loading=\"lazy\" decoding=\"async\" class=\"aligncenter size-full wp-image-558\" src=\"https:\/\/www.autorenteam.com\/abc\/wp-content\/uploads\/2025\/07\/email.png\" alt=\"\" width=\"300\" height=\"198\" srcset=\"https:\/\/www.autorenteam.com\/abc\/wp-content\/uploads\/2025\/07\/email.png 300w, https:\/\/www.autorenteam.com\/abc\/wp-content\/uploads\/2025\/07\/email-120x80.png 120w\" sizes=\"auto, (max-width: 300px) 100vw, 300px\" \/><\/a><a href=\"https:\/\/www.autorenteam.com\/abc\/2025\/07\/30\/%e2%86%92-drehbuchautorin-werden\/\"><img loading=\"lazy\" decoding=\"async\" class=\"aligncenter size-full wp-image-618\" src=\"https:\/\/www.autorenteam.com\/abc\/wp-content\/uploads\/2025\/08\/mehr.jpg\" alt=\"\" width=\"200\" height=\"171\" \/><\/a><\/span><\/span><img loading=\"lazy\" decoding=\"async\" class=\"aligncenter size-full wp-image-519\" src=\"https:\/\/www.autorenteam.com\/abc\/wp-content\/uploads\/2025\/07\/dozent_diplom.png\" alt=\"\" width=\"720\" height=\"720\" srcset=\"https:\/\/www.autorenteam.com\/abc\/wp-content\/uploads\/2025\/07\/dozent_diplom.png 720w, https:\/\/www.autorenteam.com\/abc\/wp-content\/uploads\/2025\/07\/dozent_diplom-150x150.png 150w\" sizes=\"auto, (max-width: 720px) 100vw, 720px\" \/><\/p>\n<p>&nbsp;<\/p>\n","protected":false},"excerpt":{"rendered":"<p>Beginn jederzeit m\u00f6glich Dauer: 12 Monate Schritt f\u00fcr Schritt zum Erfolg Lektorat f\u00fcr Manuskripte &nbsp;<\/p>\n","protected":false},"author":1,"featured_media":0,"parent":0,"menu_order":0,"comment_status":"closed","ping_status":"closed","template":"","meta":{"footnotes":""},"class_list":["post-62","page","type-page","status-publish","hentry"],"_links":{"self":[{"href":"https:\/\/www.autorenteam.com\/abc\/wp-json\/wp\/v2\/pages\/62","targetHints":{"allow":["GET"]}}],"collection":[{"href":"https:\/\/www.autorenteam.com\/abc\/wp-json\/wp\/v2\/pages"}],"about":[{"href":"https:\/\/www.autorenteam.com\/abc\/wp-json\/wp\/v2\/types\/page"}],"author":[{"embeddable":true,"href":"https:\/\/www.autorenteam.com\/abc\/wp-json\/wp\/v2\/users\/1"}],"replies":[{"embeddable":true,"href":"https:\/\/www.autorenteam.com\/abc\/wp-json\/wp\/v2\/comments?post=62"}],"version-history":[{"count":24,"href":"https:\/\/www.autorenteam.com\/abc\/wp-json\/wp\/v2\/pages\/62\/revisions"}],"predecessor-version":[{"id":619,"href":"https:\/\/www.autorenteam.com\/abc\/wp-json\/wp\/v2\/pages\/62\/revisions\/619"}],"wp:attachment":[{"href":"https:\/\/www.autorenteam.com\/abc\/wp-json\/wp\/v2\/media?parent=62"}],"curies":[{"name":"wp","href":"https:\/\/api.w.org\/{rel}","templated":true}]}}