{"id":212,"date":"2025-04-09T09:20:52","date_gmt":"2025-04-09T07:20:52","guid":{"rendered":"https:\/\/www.autorenteam.com\/abc\/?page_id=212"},"modified":"2025-04-20T08:28:58","modified_gmt":"2025-04-20T06:28:58","slug":"%e2%86%92-lektorat-fuer-studenten","status":"publish","type":"page","link":"https:\/\/www.autorenteam.com\/abc\/%e2%86%92-lektorat-fuer-studenten\/","title":{"rendered":"\u2192 Lektorat f\u00fcr Studenten"},"content":{"rendered":"<p style=\"text-align: center;\"><img loading=\"lazy\" decoding=\"async\" class=\"aligncenter size-full wp-image-215\" src=\"https:\/\/www.autorenteam.com\/abc\/wp-content\/uploads\/2025\/04\/lektorat.jpg\" alt=\"\" width=\"601\" height=\"720\" \/><span style=\"font-family: trebuchet ms, geneva, sans-serif; font-size: 36px;\">Lektorat f\u00fcr akademische Arbeiten<\/span><br \/>\n<span style=\"font-family: trebuchet ms, geneva, sans-serif; font-size: 24px;\">Rechtschreibung<\/span><br \/>\n<span style=\"font-family: trebuchet ms, geneva, sans-serif; font-size: 24px;\">Grammatik<\/span><br \/>\n<span style=\"font-family: trebuchet ms, geneva, sans-serif; font-size: 24px;\">Zeichensetzung<\/span><br \/>\n<span style=\"font-family: trebuchet ms, geneva, sans-serif; font-size: 24px;\">Typographie<\/span><br \/>\n<span style=\"font-family: trebuchet ms, geneva, sans-serif; font-size: 24px;\">Stil<\/span><br \/>\n<span style=\"font-family: trebuchet ms, geneva, sans-serif; font-size: 24px;\">Zusammenh\u00e4nge<\/span><br \/>\n<span style=\"font-family: trebuchet ms, geneva, sans-serif; font-size: 24px;\">Verst\u00e4ndlichkeit<\/span><br \/>\n<span style=\"font-family: trebuchet ms, geneva, sans-serif; font-size: 24px;\">Quellenverweise<\/span><br \/>\n<span style=\"font-family: trebuchet ms, geneva, sans-serif; font-size: 24px;\">Roter-Faden-Check<\/span><br \/>\n<span style=\"font-family: trebuchet ms, geneva, sans-serif; font-size: 24px;\">Beurteilung durch Akademiker(in)<\/span><\/p>\n<p><img loading=\"lazy\" decoding=\"async\" class=\"aligncenter size-full wp-image-220\" src=\"https:\/\/www.autorenteam.com\/abc\/wp-content\/uploads\/2025\/04\/lektorat2.jpg\" alt=\"\" width=\"800\" height=\"533\" srcset=\"https:\/\/www.autorenteam.com\/abc\/wp-content\/uploads\/2025\/04\/lektorat2.jpg 800w, https:\/\/www.autorenteam.com\/abc\/wp-content\/uploads\/2025\/04\/lektorat2-768x512.jpg 768w, https:\/\/www.autorenteam.com\/abc\/wp-content\/uploads\/2025\/04\/lektorat2-120x80.jpg 120w\" sizes=\"auto, (max-width: 800px) 100vw, 800px\" \/><\/p>\n","protected":false},"excerpt":{"rendered":"<p>Lektorat f\u00fcr akademische Arbeiten Rechtschreibung Grammatik Zeichensetzung Typographie Stil Zusammenh\u00e4nge Verst\u00e4ndlichkeit Quellenverweise Roter-Faden-Check Beurteilung durch Akademiker(in)<\/p>\n","protected":false},"author":1,"featured_media":0,"parent":0,"menu_order":0,"comment_status":"closed","ping_status":"closed","template":"","meta":{"footnotes":""},"class_list":["post-212","page","type-page","status-publish","hentry"],"_links":{"self":[{"href":"https:\/\/www.autorenteam.com\/abc\/wp-json\/wp\/v2\/pages\/212","targetHints":{"allow":["GET"]}}],"collection":[{"href":"https:\/\/www.autorenteam.com\/abc\/wp-json\/wp\/v2\/pages"}],"about":[{"href":"https:\/\/www.autorenteam.com\/abc\/wp-json\/wp\/v2\/types\/page"}],"author":[{"embeddable":true,"href":"https:\/\/www.autorenteam.com\/abc\/wp-json\/wp\/v2\/users\/1"}],"replies":[{"embeddable":true,"href":"https:\/\/www.autorenteam.com\/abc\/wp-json\/wp\/v2\/comments?post=212"}],"version-history":[{"count":11,"href":"https:\/\/www.autorenteam.com\/abc\/wp-json\/wp\/v2\/pages\/212\/revisions"}],"predecessor-version":[{"id":253,"href":"https:\/\/www.autorenteam.com\/abc\/wp-json\/wp\/v2\/pages\/212\/revisions\/253"}],"wp:attachment":[{"href":"https:\/\/www.autorenteam.com\/abc\/wp-json\/wp\/v2\/media?parent=212"}],"curies":[{"name":"wp","href":"https:\/\/api.w.org\/{rel}","templated":true}]}}