{"id":21,"date":"2024-06-21T05:15:08","date_gmt":"2024-06-21T03:15:08","guid":{"rendered":"https:\/\/www.autorenteam.com\/abc\/?page_id=21"},"modified":"2025-06-25T15:30:10","modified_gmt":"2025-06-25T13:30:10","slug":"datenschutzerklaerung","status":"publish","type":"page","link":"https:\/\/www.autorenteam.com\/abc\/datenschutzerklaerung\/","title":{"rendered":"Datenschutzerkl\u00e4rung"},"content":{"rendered":"<h2 class=\"western\"><span style=\"font-family: Verdana, sans-serif;\"><span style=\"font-size: medium;\">Allgemeine Angaben<\/span><\/span><\/h2>\n<p><span style=\"font-family: Verdana, sans-serif;\"><span style=\"font-size: medium;\">Angaben zur verantwortlichen Stelle<\/span><\/span><\/p>\n<p><span style=\"font-family: Verdana, sans-serif;\"><span style=\"font-size: medium;\">Unternehmen: Volker Niehrs (Leitung Autorenteam Berlin)<\/span><\/span><\/p>\n<p><span style=\"font-family: Verdana, sans-serif;\"><span style=\"font-size: medium;\">Adresse: Ostender Str. 27 B, in 13353 Berlin-Mitte<br \/>\n<\/span><\/span><\/p>\n<p>&nbsp;<\/p>\n<h2 class=\"western\"><span style=\"font-family: Verdana, sans-serif;\"><span style=\"font-size: medium;\">Allgemeine Datenverarbeitungs-Informationen<\/span><\/span><\/h2>\n<p><span style=\"font-family: Verdana, sans-serif;\"><span style=\"font-size: medium;\">Personenbezogene Daten werden nur erhoben, wenn Sie uns diese von sich aus mitteilen. Dar\u00fcber hinaus werden keine personenbezogenen Daten erhoben. Eine \u00fcber die Reichweite der gesetzlichen Erlaubnistatbest\u00e4nde hinausgehende Verarbeitung Ihrer personenbezogenen Daten erfolgt nur auf Grundlage Ihrer ausdr\u00fccklichen Einwilligung. <\/span><\/span><\/p>\n<p><span style=\"font-family: Verdana, sans-serif;\"><span style=\"font-size: medium;\">Verarbeitungszweck: (in der Regel) Vertragsanbahnung bzw. -durchf\u00fchrung. <\/span><\/span><\/p>\n<p><span style=\"font-family: Verdana, sans-serif;\"><span style=\"font-size: medium;\">Kategorien von Empf\u00e4ngern: \u00d6ffentliche Stellen bei Vorliegen vorrangiger Rechtsvorschriften. Externe Dienstleister oder sonstige Auftragnehmer. Weitere externe Stellen soweit der Betroffene seine Einwilligung erteilt hat oder eine \u00dcbermittlung aus \u00fcberwiegendem Interesse zul\u00e4ssig ist. <\/span><\/span><\/p>\n<p><span style=\"font-family: Verdana, sans-serif;\"><span style=\"font-size: medium;\">Drittlandtransfers: Im Rahmen der Vertragsdurchf\u00fchrung k\u00f6nnen auch Auftragsverarbeiter au\u00dferhalb der Europ\u00e4ischen Union zum Einsatz kommen.<\/span><\/span><\/p>\n<p><span style=\"font-family: Verdana, sans-serif;\"><span style=\"font-size: medium;\">Dauer Datenspeicherung: Die Dauer der Datenspeicherung richtet sich nach den gesetzlichen Aufbewahrungspflichten und betr\u00e4gt in der Regel 10 Jahre. <\/span><\/span><\/p>\n<h2 class=\"western\"><span style=\"font-family: Verdana, sans-serif;\"><span style=\"font-size: medium;\">Spezifische Angaben zur Webseite<\/span><\/span><\/h2>\n<h2 class=\"western\"><span style=\"font-family: Verdana, sans-serif;\"><span style=\"font-size: medium;\">Nutzungsdaten<\/span><\/span><\/h2>\n<p><span style=\"font-family: Verdana, sans-serif;\"><span style=\"font-size: medium;\">Wenn Sie unsere Webseiten aufrufen, \u00fcbermitteln Sie (aus technischer Notwendigkeit) \u00fcber Ihren Internetbrowser Daten an unseren Webserver. Folgende Daten werden w\u00e4hrend einer laufenden Verbindung zur Kommunikation zwischen Ihrem Internetbrowser und unserem Webserver aufgezeichnet:<\/span><\/span><\/p>\n<p><span style=\"font-family: Verdana, sans-serif;\"><span style=\"font-size: medium;\">&#8211; Datum und Uhrzeit der Anforderung<\/span><\/span><\/p>\n<p><span style=\"font-family: Verdana, sans-serif;\"><span style=\"font-size: medium;\">&#8211; Name der angeforderten Daten<\/span><\/span><\/p>\n<p><span style=\"font-family: Verdana, sans-serif;\"><span style=\"font-size: medium;\">&#8211; Seite, von der aus die Datei angefordert wurde<\/span><\/span><\/p>\n<p><span style=\"font-family: Verdana, sans-serif;\"><span style=\"font-size: medium;\">&#8211; Zugriffsstatus (Datei \u00fcbertragen, Datei nicht gefunden, etc.)<\/span><\/span><\/p>\n<p><span style=\"font-family: Verdana, sans-serif;\"><span style=\"font-size: medium;\">&#8211; verwendeter Webbrowser und verwendetes Betriebssystem<\/span><\/span><\/p>\n<p><span style=\"font-family: Verdana, sans-serif;\"><span style=\"font-size: medium;\">&#8211; vollst\u00e4ndige IP-Adresse des anfordernden Rechners\u00a0\u00fcbertragene Datenmenge.<\/span><\/span><\/p>\n<p><span style=\"font-family: Verdana, sans-serif;\"><span style=\"font-size: medium;\">Aus Gr\u00fcnden der technischen Sicherheit, insbesondere zur Abwehr von Angriffsversuchen auf unseren Webserver, werden diese Daten von uns kurzzeitig gespeichert. Ein R\u00fcckschluss auf einzelne Personen ist uns anhand dieser Daten nicht m\u00f6glich. Nach sp\u00e4testens 30 Tagen werden die Daten durch Verk\u00fcrzung der IP-Adresse auf Domain-Ebene anonymisiert, so dass es nicht mehr m\u00f6glich ist, einen Bezug zum einzelnen Nutzer herzustellen. In anonymisierter Form werden die Daten daneben zu statistischen Zwecken verarbeitet; ein Abgleich mit anderen Datenbest\u00e4nden oder eine Weitergabe an Dritte, auch in Ausz\u00fcgen, findet nicht statt.<\/span><\/span><\/p>\n<h2 class=\"western\"><span style=\"font-family: Verdana, sans-serif;\"><span style=\"font-size: medium;\">Einsatz eigener f\u00fcr die Webseiten-Anzeige erforderlicher \u201eCookies\u201c<\/span><\/span><\/h2>\n<p><span style=\"font-family: Verdana, sans-serif;\"><span style=\"font-size: medium;\">Diese Webseite verwendet eigene \u201eCookies\u201c, um f\u00fcr die Webseiten-Anzeige erforderliche Einstellungen zu speichern (\u201eCookies\u201c sind Datens\u00e4tze, die vom Webserver an den Browser des Nutzers gesandt und dort f\u00fcr einen sp\u00e4teren Abruf gespeichert werden). In unseren eigenen \u201eCookies\u201c werden keinerlei personenbezogene Daten gespeichert. Sie k\u00f6nnen die Verwendung von \u201eCookies\u201c generell verhindern, wenn Sie in Ihrem Browser die Speicherung von \u201eCookies\u201c untersagen.<\/span><\/span><\/p>\n<h2 class=\"western\"><span style=\"font-family: Verdana, sans-serif;\"><span style=\"font-size: medium;\">Einsatz verschiedener Tools:<\/span><\/span><\/h2>\n<ul>\n<li><span style=\"font-family: Verdana, sans-serif;\"><span style=\"font-size: medium;\">Wir verwenden auf unserer Website auf Grundlage der Einwilligung die Funktion zur Einbettung von YouTube-Videos der Google Ireland Limited (\u201eGoogle\u201c). Die Funktion zeigt bei YouTube hinterlegte Videos in einem iFrame auf der Website an. Dabei ist die Option \u201eErweiterter Datenschutzmodus\u201c aktiviert. Dadurch werden von YouTube keine Informationen \u00fcber die Besucher der Website gespeichert. Erst wenn Sie sich ein Video ansehen, werden Informationen dar\u00fcber an YouTube \u00fcbermittelt und dort gespeichert. Ihre Daten werden gegebenenfalls in die USA \u00fcbermittelt.<\/span><\/span><\/li>\n<\/ul>\n<h2 class=\"western\"><span style=\"font-family: Verdana, sans-serif;\"><span style=\"font-size: medium;\">Weitere Informationen und Kontakte<\/span><\/span><\/h2>\n<p><span style=\"font-family: Verdana, sans-serif;\"><span style=\"font-size: medium;\">Dar\u00fcber hinaus k\u00f6nnen Sie jederzeit ihre Anspr\u00fcche auf Auskunft, Berichtigung oder L\u00f6schung oder auf Einschr\u00e4nkung der Verarbeitung oder der Wahrnehmung Ihres Widerspruchsrechts gegen die Verarbeitung sowie das Recht auf Daten\u00fcbertragbarkeit geltend machen. Hier finden Sie die M\u00f6glichkeit, uns per <a href=\"https:\/\/www.autorenteam.com\/abc\/impressum\/\">E-Mail oder Brief<\/a> zu kontaktieren. Sie haben ferner das Recht, sich bei Beschwerden an die Datenschutz-Aufsichtsbeh\u00f6rde zu wenden. <\/span><\/span><\/p>\n<p><span style=\"font-family: Verdana, sans-serif;\"><span style=\"font-size: medium;\"><i>Diese Datenschutzerkl\u00e4rung wurde vom Datenschutz-Generator der <a href=\"https:\/\/www.iitr.de\/\">IITR Datenschutz GmbH<\/a> erstellt.<\/i><\/span><\/span><\/p>\n","protected":false},"excerpt":{"rendered":"<p>Allgemeine Angaben Angaben zur verantwortlichen Stelle Unternehmen: Volker Niehrs (Leitung Autorenteam Berlin) Adresse: Ostender Str. 27 B, in 13353 Berlin-Mitte<\/p>\n","protected":false},"author":1,"featured_media":0,"parent":0,"menu_order":0,"comment_status":"closed","ping_status":"closed","template":"","meta":{"footnotes":""},"class_list":["post-21","page","type-page","status-publish","hentry"],"_links":{"self":[{"href":"https:\/\/www.autorenteam.com\/abc\/wp-json\/wp\/v2\/pages\/21","targetHints":{"allow":["GET"]}}],"collection":[{"href":"https:\/\/www.autorenteam.com\/abc\/wp-json\/wp\/v2\/pages"}],"about":[{"href":"https:\/\/www.autorenteam.com\/abc\/wp-json\/wp\/v2\/types\/page"}],"author":[{"embeddable":true,"href":"https:\/\/www.autorenteam.com\/abc\/wp-json\/wp\/v2\/users\/1"}],"replies":[{"embeddable":true,"href":"https:\/\/www.autorenteam.com\/abc\/wp-json\/wp\/v2\/comments?post=21"}],"version-history":[{"count":7,"href":"https:\/\/www.autorenteam.com\/abc\/wp-json\/wp\/v2\/pages\/21\/revisions"}],"predecessor-version":[{"id":270,"href":"https:\/\/www.autorenteam.com\/abc\/wp-json\/wp\/v2\/pages\/21\/revisions\/270"}],"wp:attachment":[{"href":"https:\/\/www.autorenteam.com\/abc\/wp-json\/wp\/v2\/media?parent=21"}],"curies":[{"name":"wp","href":"https:\/\/api.w.org\/{rel}","templated":true}]}}